{"id":889,"date":"2016-03-08T20:24:13","date_gmt":"2016-03-08T23:24:13","guid":{"rendered":"http:\/\/www.unitarismobiblico.com\/1\/?page_id=889"},"modified":"2017-07-01T07:52:47","modified_gmt":"2017-07-01T10:52:47","slug":"publicacoes","status":"publish","type":"page","link":"https:\/\/www.unitarismobiblico.com\/w\/publicacoes\/","title":{"rendered":"Publica\u00e7\u00f5es"},"content":{"rendered":"<p>PUBLICA\u00c7\u00d5ES<\/p>\n<p>O mantenedor do site considera os materiais indicados como importantes fontes de pesquisa e informa\u00e7\u00e3o, mas n\u00e3o significa que concorde com\u00a0absolutamente tudo em 100% de todas as publica\u00e7\u00f5es.<\/p>\n<p>__________________________________<\/p>\n<p><strong>LIVROS<\/strong><\/p>\n<table>\n<tbody>\n<tr>\n<td><img loading=\"lazy\" decoding=\"async\" class=\"alignnone wp-image-892\" src=\"https:\/\/www.unitarismobiblico.com\/w\/wp-content\/uploads\/2016\/03\/anthony-buzzard-doctrine-of-the-trinity-193x300.jpg\" alt=\"anthony buzzard -- doctrine of the trinity\" width=\"193\" height=\"300\" \/><\/td>\n<td><em>Doutrina da Trindade: Ferida Auto-infligido do Cristianismo (Em <a href=\"http:\/\/focusonthekingdom.org\/Spanish.pdf\" target=\"_blank\" rel=\"noopener\">Espanhol<\/a>)<\/em><br \/>\npor Sir Anthony Buzzard<br \/>\npaperback, 365 p\u00e1ginas<br \/>\n1998: University Press of America<br \/>\n.<br \/>\nEste importante trabalho \u00e9 uma investiga\u00e7\u00e3o b\u00edblica detalhada da rela\u00e7\u00e3o de Jesus com o Deus de Israel. Os autores desafiam a no\u00e7\u00e3o de que o monote\u00edsmo b\u00edblico \u00e9 legitimamente representada por uma vis\u00e3o trinit\u00e1ria de Deus e demonstra que, dentro dos limites do c\u00e2non das Escrituras Jesus \u00e9 confessado como Messias, Filho de Deus, mas n\u00e3o o pr\u00f3prio Deus. Desenvolvimentos cristol\u00f3gicas posteriores a partir do segundo s\u00e9culo, e sob a influ\u00eancia do gnosticismo pag\u00e3o, deturpou a doutrina b\u00edblica de Deus e Cristo, alterando os termos da apresenta\u00e7\u00e3o b\u00edblica do Pai e do Filho.<\/td>\n<\/tr>\n<tr>\n<td colspan=\"2\">Este desenvolvimento fat\u00eddico lan\u00e7ou as bases de um credo, n\u00e3o b\u00edblico que precisa ser desafiado.\u00a0Este livro fornece uma apresenta\u00e7\u00e3o definitiva de uma cristologia enraizada na B\u00edblia hebraica e no Novo Testamento. Os autores apresentam um apelo fortemente argumentado para uma compreens\u00e3o de Deus e de Jesus no contexto de origem apost\u00f3lica do monote\u00edsmo unit\u00e1rio crist\u00e3<\/td>\n<\/tr>\n<\/tbody>\n<\/table>\n<table>\n<tbody>\n<tr>\n<td><\/td>\n<td><\/td>\n<\/tr>\n<tr>\n<td><a href=\"https:\/\/www.unitarismobiblico.com\/w\/wp-content\/uploads\/2016\/03\/anthony-buzzard-jesus-was-not-a-trinitarian.jpg\" rel=\"attachment wp-att-895\"><img loading=\"lazy\" decoding=\"async\" class=\"alignleft wp-image-895\" src=\"https:\/\/www.unitarismobiblico.com\/w\/wp-content\/uploads\/2016\/03\/anthony-buzzard-jesus-was-not-a-trinitarian-1-187x300.jpg\" alt=\"anthony buzzard -- jesus was not a trinitarian\" width=\"203\" height=\"330\" \/><\/a><\/td>\n<td>&nbsp;<\/p>\n<p><em>Jesus N\u00e3o Era Um Trinit\u00e1rio (Em <a href=\"http:\/\/www.amazon.com\/dp\/0967324971?tag=restorationfe-20&amp;camp=14573&amp;creative=327641&amp;linkCode=as1&amp;creativeASIN=0967324971&amp;adid=1XRWRA57TPMX8RX86GFK&amp;\" target=\"_blank\" rel=\"noopener\">Ingl\u00eas<\/a>)<\/em><br \/>\npor Sir Anthony Buzzard<br \/>\npaperback, 465 p\u00e1ginas<br \/>\n2007: Restoration Fellowship<\/p>\n<p>H\u00e1 uma preocupa\u00e7\u00e3o crescente entre os estudiosos evang\u00e9licos que o evangelicalismo, sua doutrina de Deus e do Evangelho, pode n\u00e3o ser t\u00e3o firmemente enraizada na Escritura como \u00e9 muitas vezes acriticamente imaginado. As contas do Jesus hist\u00f3rico e sua salutar doutrina, nos dado em tr\u00eas relat\u00f3rios de corrobora\u00e7\u00e3o: Mateus, Marcos e Lucas, s\u00e3o frequentemente minimizados\u00a0a favor de um conjunto de versos das cartas de Paulo, que, na &#8220;esteira&#8221; de textos-prova, favoritos dos evang\u00e9licos, \u00a0tamb\u00e9m depende fortemente de Evangelho de Jo\u00e3o. Esta utiliza\u00e7\u00e3o pouco equilibrada da Escritura resulta em uma distor\u00e7\u00e3o da reivindica\u00e7\u00e3o de Jesus ser o Messias, Filho de Deus, em rela\u00e7\u00e3o ao seu Pai a quem ele definiu como &#8220;o \u00fanico que \u00e9 verdadeiramente Deus&#8221; (Jo\u00e3o 17: 3).<\/td>\n<\/tr>\n<tr>\n<td colspan=\"2\">O cerne do problema reside no seguinte fato: o pr\u00f3prio credo judaica de Jesus, que afirmou como a verdade mais importante de tudo, de acordo com um escriba judeu (Marcos 12: 28-34), n\u00e3o foi permitida nenhuma voz no tradicional credos recitado na Igreja. Pior ainda, quando o credo monote\u00edsta unit\u00e1rio de Jesus e Paulo \u00e9 avan\u00e7ada como o alicerce necess\u00e1rio da boa pensamento crist\u00e3o, seus expoentes s\u00e3o suscept\u00edveis de ser acusado de perturbar os resultados de longa data dos conselhos da igreja. Eles s\u00e3o feitos mesmo indesej\u00e1vel em ambientes igreja.<\/p>\n<p><span class=\"goog-text-highlight\">Anthony Buzzard convida estudiosos e leigos igualmente a levar a s\u00e9rio credo judaica de Jesus, sua recita\u00e7\u00e3o do Shema, &#8220;Ouve, \u00f3 Israel&#8221;, que proclama que o\u00a0Senhor nosso Deus \u00e9 um s\u00f3. <\/span>Definindo Deus e Seu Filho biblicamente continua a fazer parte da obra inacabada da Reforma. A evid\u00eancia colocada diante do leitor mostra que uma grande mudan\u00e7a de paradigma \u00e9 necess\u00e1ria se os crist\u00e3os devem adorar seu Deus em esp\u00edrito e em verdade, a partir da organizada pelas ideias filos\u00f3ficas e confusas de Deus que fazem parte da tradi\u00e7\u00e3o recebida da igreja. A tese de Buzzard tem um enorme significado para a discuss\u00e3o entre os tr\u00eas grandes religi\u00f5es do mundo: Cristianismo, juda\u00edsmo e islamismo<\/td>\n<\/tr>\n<tr>\n<td>\u00a0<a href=\"https:\/\/www.unitarismobiblico.com\/w\/wp-content\/uploads\/2016\/03\/eric-chang-the-only-true-god.jpg\" rel=\"attachment wp-att-898\"><img loading=\"lazy\" decoding=\"async\" class=\"alignleft wp-image-898 \" src=\"https:\/\/www.unitarismobiblico.com\/w\/wp-content\/uploads\/2016\/03\/eric-chang-the-only-true-god-1.jpg\" alt=\"eric chang -- the only true god\" width=\"201\" height=\"302\" \/><\/a><\/td>\n<td><em>O \u00danico Deus verdadeiro (Dispon\u00edvel on-line em\u00a0<a href=\"http:\/\/theonlytruegod.org\/welcome\">Ingl\u00eas<\/a>)<\/em><br \/>\npor Eric HH Chang<br \/>\ncapa dura ou capa mole, 684 p\u00e1ginas<br \/>\n2008: Xlibris Corpora\u00e7\u00e3oMonote\u00edsmo, a cren\u00e7a em um \u00fanico Deus, \u00e9 uma doutrina fundamental da f\u00e9 crist\u00e3. No entanto, raramente esta doutrina \u00e9 examinado \u00e0 luz das suas ra\u00edzes judaicas e da revela\u00e7\u00e3o de Deus nas Escrituras. A falta de um monote\u00edsmo preciso e biblicamente enraizados no cristianismo tem profundas consequ\u00eancias para a nossa vida espiritual, chegando a impedir nossa capacidade de obedecer, em sua totalidade, com um s\u00f3 objetivo de comando o que Jesus sublinha repetidamente: &#8220;Amar\u00e1s o Senhor teu Deus com todo o teu cora\u00e7\u00e3o, com toda a tua alma, com todo o teu entendimento e com todas as tuas for\u00e7as &#8220;.<\/td>\n<\/tr>\n<tr>\n<td colspan=\"2\">\u00a0Quando Jesus chama seu Pai de &#8220;o \u00fanico Deus verdadeiro&#8221;, em Jo\u00e3o 17: 3, ele est\u00e1 dirigindo a seu Pai como uma das tr\u00eas Pessoas da Divindade, ou como uma pessoa que por si s\u00f3 \u00e9 o \u00fanico Deus verdadeiro? O que os ap\u00f3stolos nos ensinam sobre a unicidade de Deus? O que fazemos com a espantosa declara\u00e7\u00e3o de Jo\u00e3o que o Verbo se fez carne?<em>O \u00fanico Deus verdadeiro<\/em> aborda estas e outras perguntas com vis\u00e3o e clareza. No esp\u00edrito da <em>sola Scriptura<\/em> &#8211; Escitura como \u00fanica autoridade dos inqu\u00e9ritos de doutrina. O autor usa os dados b\u00edblicos com volume sobre o monote\u00edsmo na esperan\u00e7a de que eles podem ser estudados de forma construtiva. Enquanto o livro cont\u00e9m muito material para reflex\u00e3o intelectual, a sua preocupa\u00e7\u00e3o final \u00e9 para o que realmente est\u00e1 em jogo: A vida espiritual, a vida eterna, e a f\u00e9 entregue uma vez por todas aos santos.<\/td>\n<\/tr>\n<tr>\n<td><\/td>\n<td><\/td>\n<\/tr>\n<tr>\n<td><\/td>\n<td><\/td>\n<\/tr>\n<tr>\n<td><\/td>\n<td><\/td>\n<\/tr>\n<tr>\n<td><\/td>\n<td><\/td>\n<\/tr>\n<tr>\n<td><\/td>\n<td><\/td>\n<\/tr>\n<\/tbody>\n<\/table>\n<p>__________________________________<\/p>\n<p><strong>REVISTAS<\/strong><\/p>\n<table>\n<tbody>\n<tr>\n<td><img loading=\"lazy\" decoding=\"async\" class=\"alignleft wp-image-910 \" src=\"https:\/\/www.unitarismobiblico.com\/w\/wp-content\/uploads\/2016\/03\/Trombeta-211x300.jpg\" alt=\"Trombeta\" width=\"216\" height=\"306\" \/><\/td>\n<td>O Unitarismo, cren\u00e7a em Deus como sendo um, \u00fanico e um s\u00f3, o Pai, est\u00e1 crescendo no munto todo. O monote\u00edsmo professado por Jesus est\u00e1 voltando a ser ensinado. No Brasil, diversas vozes das mais diversas confiss\u00f5es evang\u00e9licas, est\u00e3o se fazendo ouvir pelos meios dispon\u00edveis hoje, em especial na internet. Agora, al\u00e9m de livros, que j\u00e1 existem sobre o assunto, inclusive em portugu\u00eas, surge tamb\u00e9m a revista Trombeta Unitarista. Patrocinada por evang\u00e9licos oriundos da IASD, que abandonaram a cren\u00e7a trinit\u00e1ria ou que nunca concordaram com ela, a revista se prop\u00f5e a abordar o tema e propagar o unitarismo no Brasil.<\/p>\n<p>(Baixe\u00a0<a href=\"https:\/\/drive.google.com\/open?id=0B2ewr118PMwfNHBKQVYxbHJCWG8\" rel=\"\">Edicao1_TrombetaUnitarista<\/a>)<\/p>\n<p>&nbsp;<\/td>\n<\/tr>\n<tr>\n<td>\u00a0<a href=\"https:\/\/www.unitarismobiblico.com\/w\/wp-content\/uploads\/2016\/03\/Revista-Unitarista2.jpg\" rel=\"attachment wp-att-941\"><img loading=\"lazy\" decoding=\"async\" class=\"alignnone wp-image-941\" src=\"https:\/\/www.unitarismobiblico.com\/w\/wp-content\/uploads\/2016\/03\/Revista-Unitarista2-1-214x300.jpg\" alt=\"Revista Unitarista2\" width=\"194\" height=\"275\" \/><\/a><\/td>\n<td>\u00a0Est\u00e1 dispon\u00edvel o segundo n\u00famero da revista Trombeta Unitarista.<\/p>\n<p>Baixe <a href=\"https:\/\/drive.google.com\/open?id=0B2ewr118PMwfa2lvS0pSbFRQcEU\" rel=\"\">Edicao2_TrombetaUnitarista<\/a><\/td>\n<\/tr>\n<\/tbody>\n<\/table>\n","protected":false},"excerpt":{"rendered":"<p>PUBLICA\u00c7\u00d5ES O mantenedor do site considera os materiais indicados como importantes fontes de pesquisa e informa\u00e7\u00e3o, mas n\u00e3o significa que concorde com\u00a0absolutamente tudo em 100% de todas as publica\u00e7\u00f5es. __________________________________ LIVROS Doutrina da Trindade: Ferida Auto-infligido do Cristianismo (Em Espanhol) por Sir Anthony Buzzard paperback, 365 p\u00e1ginas 1998: University Press of America . Este importante [&hellip;]<\/p>\n","protected":false},"author":1,"featured_media":0,"parent":0,"menu_order":0,"comment_status":"closed","ping_status":"closed","template":"","meta":{"footnotes":""},"class_list":["post-889","page","type-page","status-publish","hentry"],"_links":{"self":[{"href":"https:\/\/www.unitarismobiblico.com\/w\/wp-json\/wp\/v2\/pages\/889","targetHints":{"allow":["GET"]}}],"collection":[{"href":"https:\/\/www.unitarismobiblico.com\/w\/wp-json\/wp\/v2\/pages"}],"about":[{"href":"https:\/\/www.unitarismobiblico.com\/w\/wp-json\/wp\/v2\/types\/page"}],"author":[{"embeddable":true,"href":"https:\/\/www.unitarismobiblico.com\/w\/wp-json\/wp\/v2\/users\/1"}],"replies":[{"embeddable":true,"href":"https:\/\/www.unitarismobiblico.com\/w\/wp-json\/wp\/v2\/comments?post=889"}],"version-history":[{"count":10,"href":"https:\/\/www.unitarismobiblico.com\/w\/wp-json\/wp\/v2\/pages\/889\/revisions"}],"predecessor-version":[{"id":938,"href":"https:\/\/www.unitarismobiblico.com\/w\/wp-json\/wp\/v2\/pages\/889\/revisions\/938"}],"wp:attachment":[{"href":"https:\/\/www.unitarismobiblico.com\/w\/wp-json\/wp\/v2\/media?parent=889"}],"curies":[{"name":"wp","href":"https:\/\/api.w.org\/{rel}","templated":true}]}}